{"id":2,"date":"2021-05-11T13:10:56","date_gmt":"2021-05-11T13:10:56","guid":{"rendered":"https:\/\/besasagorsk.de\/?page_id=2"},"modified":"2021-05-11T14:47:55","modified_gmt":"2021-05-11T14:47:55","slug":"superspreader","status":"publish","type":"page","link":"https:\/\/besasagorsk.de\/index.php\/superspreader\/","title":{"rendered":"Patient Zero, Der Superspreader"},"content":{"rendered":"\r\n<p><a href=\"https:\/\/tinyurl.com\/8nxpbvvt\"><img loading=\"lazy\" decoding=\"async\" class=\"alignleft wp-image-28 size-medium\" src=\"https:\/\/i0.wp.com\/besasagorsk.de\/wp-content\/uploads\/2021\/05\/PatientZeroSuperspreader.jpg?resize=195%2C300&#038;ssl=1\" alt=\"\" width=\"195\" height=\"300\" srcset=\"https:\/\/i0.wp.com\/besasagorsk.de\/wp-content\/uploads\/2021\/05\/PatientZeroSuperspreader.jpg?resize=195%2C300&amp;ssl=1 195w, https:\/\/i0.wp.com\/besasagorsk.de\/wp-content\/uploads\/2021\/05\/PatientZeroSuperspreader.jpg?w=324&amp;ssl=1 324w\" sizes=\"auto, (max-width: 195px) 100vw, 195px\" data-recalc-dims=\"1\" \/><\/a>In Zeiten der Virus-Pandemie mit ihren gro\u00dfen Herausforderungen f\u00fcr Wissenschaft und Politik reist Tarkowski, Professor f\u00fcr Datenanalyse und Innovationstheorie, nach Wuhan, ins norditalienische Trient und zuf\u00e4llig auch nach Heinsberg. Nach seinen Aufenthalten steigen die Virusinfektionen in diesen Regionen dramatisch an. Nachdem er auf Bitte seiner ehemaligen Geliebten deren Baby auf der Neugeborenenstation besucht hat, muss die gesamte Abteilung unter Quarant\u00e4ne gestellt werden.<\/p>\r\n<p>Gleichzeitig versuchen der ahnungslose Tarkowski und sein Team, ein Berechnungsmodell zu entwickeln, mit dem sie den Patienten Zero, den Superspreader, identifizieren k\u00f6nnen. Eine Allianz aus Missgunst und Hass setzt jedoch alles daran, Tarkowski an diesem Vorhaben zu hindern.<\/p>\r\n<div style=\"width: 580px;\" class=\"wp-video\"><video class=\"wp-video-shortcode\" id=\"video-2-1\" width=\"580\" height=\"326\" preload=\"metadata\" controls=\"controls\"><source type=\"video\/mp4\" src=\"https:\/\/besasagorsk.de\/wp-content\/uploads\/2021\/05\/Tarkowski.mp4?_=1\" \/><a href=\"https:\/\/besasagorsk.de\/wp-content\/uploads\/2021\/05\/Tarkowski.mp4\">https:\/\/besasagorsk.de\/wp-content\/uploads\/2021\/05\/Tarkowski.mp4<\/a><\/video><\/div>\r\n","protected":false},"excerpt":{"rendered":"<p>In Zeiten der Virus-Pandemie mit ihren gro\u00dfen Herausforderungen f\u00fcr Wissenschaft und Politik reist Tarkowski, Professor f\u00fcr Datenanalyse und Innovationstheorie, nach Wuhan, ins norditalienische Trient und zuf\u00e4llig auch nach Heinsberg. Nach seinen Aufenthalten steigen die Virusinfektionen in diesen Regionen dramatisch an. Nachdem er auf Bitte seiner ehemaligen Geliebten deren Baby auf der Neugeborenenstation besucht hat, muss [&hellip;]<\/p>\n","protected":false},"author":1,"featured_media":0,"parent":0,"menu_order":0,"comment_status":"closed","ping_status":"open","template":"","meta":{"footnotes":""},"class_list":["post-2","page","type-page","status-publish","hentry"],"jetpack-related-posts":[{"id":3,"url":"https:\/\/besasagorsk.de\/index.php\/privacy-policy\/","url_meta":{"origin":2,"position":0},"title":"Privacy Policy","date":"Mai 11, 2021","format":false,"excerpt":"Wer wir sind Die Adresse unserer Website ist: https:\/\/besasagorsk.de. Kommentare Wenn Besucher Kommentare auf der Website schreiben, sammeln wir die Daten, die im Kommentar-Formular angezeigt werden, au\u00dferdem die IP-Adresse des Besuchers und den User-Agent-String (damit wird der Browser identifiziert), um die Erkennung von Spam zu unterst\u00fctzen. Aus deiner E-Mail-Adresse kann\u2026","rel":"","context":"\u00c4hnlicher Beitrag","img":{"alt_text":"","src":"","width":0,"height":0},"classes":[]}],"_links":{"self":[{"href":"https:\/\/besasagorsk.de\/index.php\/wp-json\/wp\/v2\/pages\/2","targetHints":{"allow":["GET"]}}],"collection":[{"href":"https:\/\/besasagorsk.de\/index.php\/wp-json\/wp\/v2\/pages"}],"about":[{"href":"https:\/\/besasagorsk.de\/index.php\/wp-json\/wp\/v2\/types\/page"}],"author":[{"embeddable":true,"href":"https:\/\/besasagorsk.de\/index.php\/wp-json\/wp\/v2\/users\/1"}],"replies":[{"embeddable":true,"href":"https:\/\/besasagorsk.de\/index.php\/wp-json\/wp\/v2\/comments?post=2"}],"version-history":[{"count":6,"href":"https:\/\/besasagorsk.de\/index.php\/wp-json\/wp\/v2\/pages\/2\/revisions"}],"predecessor-version":[{"id":39,"href":"https:\/\/besasagorsk.de\/index.php\/wp-json\/wp\/v2\/pages\/2\/revisions\/39"}],"wp:attachment":[{"href":"https:\/\/besasagorsk.de\/index.php\/wp-json\/wp\/v2\/media?parent=2"}],"curies":[{"name":"wp","href":"https:\/\/api.w.org\/{rel}","templated":true}]}}